{"id":210,"date":"2020-11-26T11:33:11","date_gmt":"2020-11-26T10:33:11","guid":{"rendered":"https:\/\/mammamia.lu\/?page_id=210"},"modified":"2020-11-26T11:33:13","modified_gmt":"2020-11-26T10:33:13","slug":"home-es","status":"publish","type":"page","link":"https:\/\/mammamia.lu\/index.php\/es\/home-es\/","title":{"rendered":"Home-es"},"content":{"rendered":"\t\t<div data-elementor-type=\"wp-page\" data-elementor-id=\"210\" class=\"elementor elementor-210\" data-elementor-post-type=\"page\">\n\t\t\t\t\t\t<section class=\"elementor-section elementor-top-section elementor-element elementor-element-0089e2c elementor-section-full_width elementor-section-height-min-height elementor-section-items-top elementor-section-content-middle elementor-section-stretched elementor-section-height-default\" data-id=\"0089e2c\" data-element_type=\"section\" data-settings=\"{&quot;stretch_section&quot;:&quot;section-stretched&quot;}\">\n\t\t\t\t\t\t<div class=\"elementor-container elementor-column-gap-no\">\n\t\t\t\t\t<div class=\"elementor-column elementor-col-100 elementor-top-column elementor-element elementor-element-ae7e206\" data-id=\"ae7e206\" data-element_type=\"column\">\n\t\t\t<div class=\"elementor-widget-wrap elementor-element-populated\">\n\t\t\t\t\t\t<div class=\"elementor-element elementor-element-e3cf478 elementor-arrows-position-inside elementor-widget elementor-widget-image-carousel\" data-id=\"e3cf478\" data-element_type=\"widget\" data-settings=\"{&quot;slides_to_show&quot;:&quot;3&quot;,&quot;navigation&quot;:&quot;arrows&quot;,&quot;pause_on_hover&quot;:&quot;no&quot;,&quot;pause_on_interaction&quot;:&quot;no&quot;,&quot;autoplay_speed&quot;:2000,&quot;speed&quot;:1000,&quot;autoplay&quot;:&quot;yes&quot;,&quot;infinite&quot;:&quot;yes&quot;}\" data-widget_type=\"image-carousel.default\">\n\t\t\t\t<div class=\"elementor-widget-container\">\n\t\t\t\t\t\t\t<div class=\"elementor-image-carousel-wrapper swiper\" role=\"region\" aria-roledescription=\"carousel\" aria-label=\"Carrousel d\u2019images\" dir=\"ltr\">\n\t\t\t<div class=\"elementor-image-carousel swiper-wrapper swiper-image-stretch\" aria-live=\"off\">\n\t\t\t\t\t\t\t\t<div class=\"swiper-slide\" role=\"group\" aria-roledescription=\"slide\" aria-label=\"1 sur 8\"><figure class=\"swiper-slide-inner\"><img decoding=\"async\" class=\"swiper-slide-image\" src=\"https:\/\/mammamia.lu\/wp-content\/uploads\/elementor\/thumbs\/IMG_8816-scaled-oyz5de9v680y59uqszlrsmjs1t5bilg5wde0ccuhmg.jpg\" alt=\"Restaurant Mamma Mia\" \/><\/figure><\/div><div class=\"swiper-slide\" role=\"group\" aria-roledescription=\"slide\" aria-label=\"2 sur 8\"><figure class=\"swiper-slide-inner\"><img decoding=\"async\" class=\"swiper-slide-image\" src=\"https:\/\/mammamia.lu\/wp-content\/uploads\/elementor\/thumbs\/IMG_8820-scaled-oyz5dkuqi29yejl6qkg5s2w07i8w0h6a99yepakqew.jpg\" alt=\"Restaurant Mamma Mia\" \/><\/figure><\/div><div class=\"swiper-slide\" role=\"group\" aria-roledescription=\"slide\" aria-label=\"3 sur 8\"><figure class=\"swiper-slide-inner\"><img decoding=\"async\" class=\"swiper-slide-image\" src=\"https:\/\/mammamia.lu\/wp-content\/uploads\/elementor\/thumbs\/IMG_8837-scaled-oyz5drfltwiyntbmo5ajrj88d7cgicwem6it28az7c.jpg\" alt=\"Restaurant Mamma Mia\" \/><\/figure><\/div><div class=\"swiper-slide\" role=\"group\" aria-roledescription=\"slide\" aria-label=\"4 sur 8\"><figure class=\"swiper-slide-inner\"><img decoding=\"async\" class=\"swiper-slide-image\" src=\"https:\/\/mammamia.lu\/wp-content\/uploads\/elementor\/thumbs\/IMG_8838-scaled-oyz5dy0h5qryx322lq4xqzkgiwg108miz337f617zs.jpg\" alt=\"Restaurant Mamma Mia\" \/><\/figure><\/div><div class=\"swiper-slide\" role=\"group\" aria-roledescription=\"slide\" aria-label=\"5 sur 8\"><figure class=\"swiper-slide-inner\"><img decoding=\"async\" class=\"swiper-slide-image\" src=\"https:\/\/mammamia.lu\/wp-content\/uploads\/elementor\/thumbs\/IMG_8841-scaled-oyz5e6h0v93jtkps8bskvfflvdabxik408ykqnoofs.jpg\" alt=\"Restaurant Mamma Mia\" \/><\/figure><\/div><div class=\"swiper-slide\" role=\"group\" aria-roledescription=\"slide\" aria-label=\"6 sur 8\"><figure class=\"swiper-slide-inner\"><img decoding=\"async\" class=\"swiper-slide-image\" src=\"https:\/\/mammamia.lu\/wp-content\/uploads\/elementor\/thumbs\/IMG_8842-scaled-oyz5eexkkrf4q2dhuxg7zvar7u4mushp1ety25c4vs.jpg\" alt=\"Restaurant Mamma Mia\" \/><\/figure><\/div><div class=\"swiper-slide\" role=\"group\" aria-roledescription=\"slide\" aria-label=\"7 sur 8\"><figure class=\"swiper-slide-inner\"><img decoding=\"async\" class=\"swiper-slide-image\" src=\"https:\/\/mammamia.lu\/wp-content\/uploads\/elementor\/thumbs\/IMG_8844-scaled-oyz5emga3fpfay2kn0p8jtefyx3kkdbjqg1twd0zi0.jpg\" alt=\"Restaurant Mamma Mia\" \/><\/figure><\/div><div class=\"swiper-slide\" role=\"group\" aria-roledescription=\"slide\" aria-label=\"8 sur 8\"><figure class=\"swiper-slide-inner\"><img decoding=\"async\" class=\"swiper-slide-image\" src=\"https:\/\/mammamia.lu\/wp-content\/uploads\/elementor\/thumbs\/IMG_8849-scaled-oyz5etyzm3zpvtrnf3y93ri4q02i9y5efh9pqkpu48.jpg\" alt=\"Restaurant Mamma Mia\" \/><\/figure><\/div>\t\t\t<\/div>\n\t\t\t\t\t\t\t\t\t\t\t\t<div class=\"elementor-swiper-button elementor-swiper-button-prev\" role=\"button\" tabindex=\"0\">\n\t\t\t\t\t\t<i aria-hidden=\"true\" class=\"eicon-chevron-left\"><\/i>\t\t\t\t\t<\/div>\n\t\t\t\t\t<div class=\"elementor-swiper-button elementor-swiper-button-next\" role=\"button\" tabindex=\"0\">\n\t\t\t\t\t\t<i aria-hidden=\"true\" class=\"eicon-chevron-right\"><\/i>\t\t\t\t\t<\/div>\n\t\t\t\t\n\t\t\t\t\t\t\t\t\t<\/div>\n\t\t\t\t\t\t<\/div>\n\t\t\t\t<\/div>\n\t\t\t\t\t<\/div>\n\t\t<\/div>\n\t\t\t\t\t<\/div>\n\t\t<\/section>\n\t\t\t\t<section class=\"elementor-section elementor-top-section elementor-element elementor-element-230d986 notre_carte_h2 elementor-section-boxed elementor-section-height-default elementor-section-height-default\" data-id=\"230d986\" data-element_type=\"section\">\n\t\t\t\t\t\t<div class=\"elementor-container elementor-column-gap-default\">\n\t\t\t\t\t<div class=\"elementor-column elementor-col-100 elementor-top-column elementor-element elementor-element-2351fe1\" data-id=\"2351fe1\" data-element_type=\"column\">\n\t\t\t<div class=\"elementor-widget-wrap elementor-element-populated\">\n\t\t\t\t\t\t<div class=\"elementor-element elementor-element-546e70b elementor-widget elementor-widget-heading\" data-id=\"546e70b\" data-element_type=\"widget\" data-widget_type=\"heading.default\">\n\t\t\t\t<div class=\"elementor-widget-container\">\n\t\t\t\t\t<h2 class=\"elementor-heading-title elementor-size-default\">Notre carte<\/h2>\t\t\t\t<\/div>\n\t\t\t\t<\/div>\n\t\t\t\t\t<\/div>\n\t\t<\/div>\n\t\t\t\t\t<\/div>\n\t\t<\/section>\n\t\t\t\t<section class=\"elementor-section elementor-top-section elementor-element elementor-element-3b5bfb7 notre_carte elementor-section-boxed elementor-section-height-default elementor-section-height-default\" data-id=\"3b5bfb7\" data-element_type=\"section\">\n\t\t\t\t\t\t<div class=\"elementor-container elementor-column-gap-default\">\n\t\t\t\t\t<div class=\"elementor-column elementor-col-100 elementor-top-column elementor-element elementor-element-119da74\" data-id=\"119da74\" data-element_type=\"column\">\n\t\t\t<div class=\"elementor-widget-wrap elementor-element-populated\">\n\t\t\t\t\t\t<div class=\"elementor-element elementor-element-8e40962 elementor-position-top elementor-widget elementor-widget-image-box\" data-id=\"8e40962\" data-element_type=\"widget\" data-widget_type=\"image-box.default\">\n\t\t\t\t<div class=\"elementor-widget-container\">\n\t\t\t\t\t<div class=\"elementor-image-box-wrapper\"><figure class=\"elementor-image-box-img\"><a href=\"http:\/\/potage\" tabindex=\"-1\"><img decoding=\"async\" src=\"https:\/\/mammamia.lu\/wp-content\/uploads\/elementor\/thumbs\/woocommerce-placeholder-oyxxwnc03w19vbf5i9lrl74st0hrdgglmk3yyryvt4.png\" title=\"woocommerce-placeholder\" alt=\"woocommerce-placeholder\" loading=\"lazy\" \/><\/a><\/figure><div class=\"elementor-image-box-content\"><h3 class=\"elementor-image-box-title\"><a href=\"http:\/\/potage\">Potages<\/a><\/h3><\/div><\/div>\t\t\t\t<\/div>\n\t\t\t\t<\/div>\n\t\t\t\t\t<\/div>\n\t\t<\/div>\n\t\t\t\t\t<\/div>\n\t\t<\/section>\n\t\t\t\t<section class=\"elementor-section elementor-top-section elementor-element elementor-element-321d4b7 notre_carte elementor-section-boxed elementor-section-height-default elementor-section-height-default\" data-id=\"321d4b7\" data-element_type=\"section\">\n\t\t\t\t\t\t<div class=\"elementor-container elementor-column-gap-default\">\n\t\t\t\t\t<div class=\"elementor-column elementor-col-100 elementor-top-column elementor-element elementor-element-255aff8\" data-id=\"255aff8\" data-element_type=\"column\">\n\t\t\t<div class=\"elementor-widget-wrap elementor-element-populated\">\n\t\t\t\t\t\t<div class=\"elementor-element elementor-element-b125a1b elementor-position-top elementor-widget elementor-widget-image-box\" data-id=\"b125a1b\" data-element_type=\"widget\" data-widget_type=\"image-box.default\">\n\t\t\t\t<div class=\"elementor-widget-container\">\n\t\t\t\t\t<div class=\"elementor-image-box-wrapper\"><figure class=\"elementor-image-box-img\"><a href=\"http:\/\/potage\" tabindex=\"-1\"><img decoding=\"async\" src=\"https:\/\/mammamia.lu\/wp-content\/uploads\/elementor\/thumbs\/woocommerce-placeholder-oyxxwnc03w19vbf5i9lrl74st0hrdgglmk3yyryvt4.png\" title=\"woocommerce-placeholder\" alt=\"woocommerce-placeholder\" loading=\"lazy\" \/><\/a><\/figure><div class=\"elementor-image-box-content\"><h3 class=\"elementor-image-box-title\"><a href=\"http:\/\/potage\">Entr\u00e9es<\/a><\/h3><\/div><\/div>\t\t\t\t<\/div>\n\t\t\t\t<\/div>\n\t\t\t\t\t<\/div>\n\t\t<\/div>\n\t\t\t\t\t<\/div>\n\t\t<\/section>\n\t\t\t\t<section class=\"elementor-section elementor-top-section elementor-element elementor-element-dd218a5 notre_carte elementor-section-boxed elementor-section-height-default elementor-section-height-default\" data-id=\"dd218a5\" data-element_type=\"section\">\n\t\t\t\t\t\t<div class=\"elementor-container elementor-column-gap-default\">\n\t\t\t\t\t<div class=\"elementor-column elementor-col-100 elementor-top-column elementor-element elementor-element-2d8e4c3\" data-id=\"2d8e4c3\" data-element_type=\"column\">\n\t\t\t<div class=\"elementor-widget-wrap elementor-element-populated\">\n\t\t\t\t\t\t<div class=\"elementor-element elementor-element-be2fffc elementor-position-top elementor-widget elementor-widget-image-box\" data-id=\"be2fffc\" data-element_type=\"widget\" data-widget_type=\"image-box.default\">\n\t\t\t\t<div class=\"elementor-widget-container\">\n\t\t\t\t\t<div class=\"elementor-image-box-wrapper\"><figure class=\"elementor-image-box-img\"><a href=\"http:\/\/potage\" tabindex=\"-1\"><img decoding=\"async\" src=\"https:\/\/mammamia.lu\/wp-content\/uploads\/elementor\/thumbs\/woocommerce-placeholder-oyxxwnc03w19vbf5i9lrl74st0hrdgglmk3yyryvt4.png\" title=\"woocommerce-placeholder\" alt=\"woocommerce-placeholder\" loading=\"lazy\" \/><\/a><\/figure><div class=\"elementor-image-box-content\"><h3 class=\"elementor-image-box-title\"><a href=\"http:\/\/potage\">Salades<\/a><\/h3><\/div><\/div>\t\t\t\t<\/div>\n\t\t\t\t<\/div>\n\t\t\t\t\t<\/div>\n\t\t<\/div>\n\t\t\t\t\t<\/div>\n\t\t<\/section>\n\t\t\t\t<section class=\"elementor-section elementor-top-section elementor-element elementor-element-11af60a notre_carte elementor-section-boxed elementor-section-height-default elementor-section-height-default\" data-id=\"11af60a\" data-element_type=\"section\">\n\t\t\t\t\t\t<div class=\"elementor-container elementor-column-gap-default\">\n\t\t\t\t\t<div class=\"elementor-column elementor-col-100 elementor-top-column elementor-element elementor-element-4c0f119\" data-id=\"4c0f119\" data-element_type=\"column\">\n\t\t\t<div class=\"elementor-widget-wrap elementor-element-populated\">\n\t\t\t\t\t\t<div class=\"elementor-element elementor-element-8260acd elementor-position-top elementor-widget elementor-widget-image-box\" data-id=\"8260acd\" data-element_type=\"widget\" data-widget_type=\"image-box.default\">\n\t\t\t\t<div class=\"elementor-widget-container\">\n\t\t\t\t\t<div class=\"elementor-image-box-wrapper\"><figure class=\"elementor-image-box-img\"><a href=\"http:\/\/potage\" tabindex=\"-1\"><img decoding=\"async\" src=\"https:\/\/mammamia.lu\/wp-content\/uploads\/elementor\/thumbs\/woocommerce-placeholder-oyxxwnc03w19vbf5i9lrl74st0hrdgglmk3yyryvt4.png\" title=\"woocommerce-placeholder\" alt=\"woocommerce-placeholder\" loading=\"lazy\" \/><\/a><\/figure><div class=\"elementor-image-box-content\"><h3 class=\"elementor-image-box-title\"><a href=\"http:\/\/potage\">P\u00e2tes<\/a><\/h3><\/div><\/div>\t\t\t\t<\/div>\n\t\t\t\t<\/div>\n\t\t\t\t\t<\/div>\n\t\t<\/div>\n\t\t\t\t\t<\/div>\n\t\t<\/section>\n\t\t\t\t<section class=\"elementor-section elementor-top-section elementor-element elementor-element-b0bade5 notre_carte elementor-section-boxed elementor-section-height-default elementor-section-height-default\" data-id=\"b0bade5\" data-element_type=\"section\">\n\t\t\t\t\t\t<div class=\"elementor-container elementor-column-gap-default\">\n\t\t\t\t\t<div class=\"elementor-column elementor-col-100 elementor-top-column elementor-element elementor-element-05010ff\" data-id=\"05010ff\" data-element_type=\"column\">\n\t\t\t<div class=\"elementor-widget-wrap elementor-element-populated\">\n\t\t\t\t\t\t<div class=\"elementor-element elementor-element-2220d08 elementor-position-top elementor-widget elementor-widget-image-box\" data-id=\"2220d08\" data-element_type=\"widget\" data-widget_type=\"image-box.default\">\n\t\t\t\t<div class=\"elementor-widget-container\">\n\t\t\t\t\t<div class=\"elementor-image-box-wrapper\"><figure class=\"elementor-image-box-img\"><a href=\"http:\/\/potage\" tabindex=\"-1\"><img decoding=\"async\" src=\"https:\/\/mammamia.lu\/wp-content\/uploads\/elementor\/thumbs\/woocommerce-placeholder-oyxxwnc03w19vbf5i9lrl74st0hrdgglmk3yyryvt4.png\" title=\"woocommerce-placeholder\" alt=\"woocommerce-placeholder\" loading=\"lazy\" \/><\/a><\/figure><div class=\"elementor-image-box-content\"><h3 class=\"elementor-image-box-title\"><a href=\"http:\/\/potage\">Poissons<\/a><\/h3><\/div><\/div>\t\t\t\t<\/div>\n\t\t\t\t<\/div>\n\t\t\t\t\t<\/div>\n\t\t<\/div>\n\t\t\t\t\t<\/div>\n\t\t<\/section>\n\t\t\t\t<section class=\"elementor-section elementor-top-section elementor-element elementor-element-2c55109 notre_carte elementor-section-boxed elementor-section-height-default elementor-section-height-default\" data-id=\"2c55109\" data-element_type=\"section\">\n\t\t\t\t\t\t<div class=\"elementor-container elementor-column-gap-default\">\n\t\t\t\t\t<div class=\"elementor-column elementor-col-100 elementor-top-column elementor-element elementor-element-34a3b92\" data-id=\"34a3b92\" data-element_type=\"column\">\n\t\t\t<div class=\"elementor-widget-wrap elementor-element-populated\">\n\t\t\t\t\t\t<div class=\"elementor-element elementor-element-32d0b23 elementor-position-top elementor-widget elementor-widget-image-box\" data-id=\"32d0b23\" data-element_type=\"widget\" data-widget_type=\"image-box.default\">\n\t\t\t\t<div class=\"elementor-widget-container\">\n\t\t\t\t\t<div class=\"elementor-image-box-wrapper\"><figure class=\"elementor-image-box-img\"><a href=\"http:\/\/potage\" tabindex=\"-1\"><img decoding=\"async\" src=\"https:\/\/mammamia.lu\/wp-content\/uploads\/elementor\/thumbs\/woocommerce-placeholder-oyxxwnc03w19vbf5i9lrl74st0hrdgglmk3yyryvt4.png\" title=\"woocommerce-placeholder\" alt=\"woocommerce-placeholder\" loading=\"lazy\" \/><\/a><\/figure><div class=\"elementor-image-box-content\"><h3 class=\"elementor-image-box-title\"><a href=\"http:\/\/potage\">Viandes<\/a><\/h3><\/div><\/div>\t\t\t\t<\/div>\n\t\t\t\t<\/div>\n\t\t\t\t\t<\/div>\n\t\t<\/div>\n\t\t\t\t\t<\/div>\n\t\t<\/section>\n\t\t\t\t<section class=\"elementor-section elementor-top-section elementor-element elementor-element-ba527c0 notre_carte elementor-section-boxed elementor-section-height-default elementor-section-height-default\" data-id=\"ba527c0\" data-element_type=\"section\">\n\t\t\t\t\t\t<div class=\"elementor-container elementor-column-gap-default\">\n\t\t\t\t\t<div class=\"elementor-column elementor-col-100 elementor-top-column elementor-element elementor-element-45131e1\" data-id=\"45131e1\" data-element_type=\"column\">\n\t\t\t<div class=\"elementor-widget-wrap elementor-element-populated\">\n\t\t\t\t\t\t<div class=\"elementor-element elementor-element-7eea14d elementor-position-top elementor-widget elementor-widget-image-box\" data-id=\"7eea14d\" data-element_type=\"widget\" data-widget_type=\"image-box.default\">\n\t\t\t\t<div class=\"elementor-widget-container\">\n\t\t\t\t\t<div class=\"elementor-image-box-wrapper\"><figure class=\"elementor-image-box-img\"><a href=\"http:\/\/potage\" tabindex=\"-1\"><img decoding=\"async\" src=\"https:\/\/mammamia.lu\/wp-content\/uploads\/elementor\/thumbs\/woocommerce-placeholder-oyxxwnc03w19vbf5i9lrl74st0hrdgglmk3yyryvt4.png\" title=\"woocommerce-placeholder\" alt=\"woocommerce-placeholder\" loading=\"lazy\" \/><\/a><\/figure><div class=\"elementor-image-box-content\"><h3 class=\"elementor-image-box-title\"><a href=\"http:\/\/potage\">Pizzas<\/a><\/h3><\/div><\/div>\t\t\t\t<\/div>\n\t\t\t\t<\/div>\n\t\t\t\t\t<\/div>\n\t\t<\/div>\n\t\t\t\t\t<\/div>\n\t\t<\/section>\n\t\t\t\t<section class=\"elementor-section elementor-top-section elementor-element elementor-element-6aab00f notre_carte elementor-section-boxed elementor-section-height-default elementor-section-height-default\" data-id=\"6aab00f\" data-element_type=\"section\">\n\t\t\t\t\t\t<div class=\"elementor-container elementor-column-gap-default\">\n\t\t\t\t\t<div class=\"elementor-column elementor-col-100 elementor-top-column elementor-element elementor-element-9a566dd\" data-id=\"9a566dd\" data-element_type=\"column\">\n\t\t\t<div class=\"elementor-widget-wrap elementor-element-populated\">\n\t\t\t\t\t\t<div class=\"elementor-element elementor-element-b2067b5 elementor-position-top elementor-widget elementor-widget-image-box\" data-id=\"b2067b5\" data-element_type=\"widget\" data-widget_type=\"image-box.default\">\n\t\t\t\t<div class=\"elementor-widget-container\">\n\t\t\t\t\t<div class=\"elementor-image-box-wrapper\"><figure class=\"elementor-image-box-img\"><a href=\"http:\/\/potage\" tabindex=\"-1\"><img decoding=\"async\" src=\"https:\/\/mammamia.lu\/wp-content\/uploads\/elementor\/thumbs\/woocommerce-placeholder-oyxxwnc03w19vbf5i9lrl74st0hrdgglmk3yyryvt4.png\" title=\"woocommerce-placeholder\" alt=\"woocommerce-placeholder\" loading=\"lazy\" \/><\/a><\/figure><div class=\"elementor-image-box-content\"><h3 class=\"elementor-image-box-title\"><a href=\"http:\/\/potage\">Glaces<\/a><\/h3><\/div><\/div>\t\t\t\t<\/div>\n\t\t\t\t<\/div>\n\t\t\t\t\t<\/div>\n\t\t<\/div>\n\t\t\t\t\t<\/div>\n\t\t<\/section>\n\t\t\t\t<section class=\"elementor-section elementor-top-section elementor-element elementor-element-bd8da83 notre_carte elementor-section-boxed elementor-section-height-default elementor-section-height-default\" data-id=\"bd8da83\" data-element_type=\"section\">\n\t\t\t\t\t\t<div class=\"elementor-container elementor-column-gap-default\">\n\t\t\t\t\t<div class=\"elementor-column elementor-col-100 elementor-top-column elementor-element elementor-element-9c92407\" data-id=\"9c92407\" data-element_type=\"column\">\n\t\t\t<div class=\"elementor-widget-wrap elementor-element-populated\">\n\t\t\t\t\t\t<div class=\"elementor-element elementor-element-09eb890 elementor-position-top elementor-widget elementor-widget-image-box\" data-id=\"09eb890\" data-element_type=\"widget\" data-widget_type=\"image-box.default\">\n\t\t\t\t<div class=\"elementor-widget-container\">\n\t\t\t\t\t<div class=\"elementor-image-box-wrapper\"><figure class=\"elementor-image-box-img\"><a href=\"http:\/\/potage\" tabindex=\"-1\"><img decoding=\"async\" src=\"https:\/\/mammamia.lu\/wp-content\/uploads\/elementor\/thumbs\/woocommerce-placeholder-oyxxwnc03w19vbf5i9lrl74st0hrdgglmk3yyryvt4.png\" title=\"woocommerce-placeholder\" alt=\"woocommerce-placeholder\" loading=\"lazy\" \/><\/a><\/figure><div class=\"elementor-image-box-content\"><h3 class=\"elementor-image-box-title\"><a href=\"http:\/\/potage\">Desserts<\/a><\/h3><\/div><\/div>\t\t\t\t<\/div>\n\t\t\t\t<\/div>\n\t\t\t\t\t<\/div>\n\t\t<\/div>\n\t\t\t\t\t<\/div>\n\t\t<\/section>\n\t\t\t\t<\/div>\n\t\t","protected":false},"excerpt":{"rendered":"","protected":false},"author":1,"featured_media":0,"parent":0,"menu_order":0,"comment_status":"closed","ping_status":"closed","template":"elementor_header_footer","meta":{"_acf_changed":false,"footnotes":""},"acf":[],"yoast_head":"<!-- This site is optimized with the Yoast SEO plugin v23.5 - https:\/\/yoast.com\/wordpress\/plugins\/seo\/ -->\n<title>Home-es - Mamma Mia Ristorante Pizzeria<\/title>\n<meta name=\"robots\" content=\"index, follow, max-snippet:-1, max-image-preview:large, max-video-preview:-1\" \/>\n<link rel=\"canonical\" href=\"https:\/\/mammamia.lu\/index.php\/es\/home-es\/\" \/>\n<meta property=\"og:locale\" content=\"fr_FR\" \/>\n<meta property=\"og:type\" content=\"article\" \/>\n<meta property=\"og:title\" content=\"Home-es - Mamma Mia Ristorante Pizzeria\" \/>\n<meta property=\"og:url\" content=\"https:\/\/mammamia.lu\/index.php\/es\/home-es\/\" \/>\n<meta property=\"og:site_name\" content=\"Mamma Mia Ristorante Pizzeria\" \/>\n<meta property=\"article:modified_time\" content=\"2020-11-26T10:33:13+00:00\" \/>\n<meta name=\"twitter:card\" content=\"summary_large_image\" \/>\n<script type=\"application\/ld+json\" class=\"yoast-schema-graph\">{\"@context\":\"https:\/\/schema.org\",\"@graph\":[{\"@type\":\"WebPage\",\"@id\":\"https:\/\/mammamia.lu\/index.php\/es\/home-es\/\",\"url\":\"https:\/\/mammamia.lu\/index.php\/es\/home-es\/\",\"name\":\"Home-es - Mamma Mia Ristorante Pizzeria\",\"isPartOf\":{\"@id\":\"https:\/\/mammamia.lu\/#website\"},\"datePublished\":\"2020-11-26T10:33:11+00:00\",\"dateModified\":\"2020-11-26T10:33:13+00:00\",\"breadcrumb\":{\"@id\":\"https:\/\/mammamia.lu\/index.php\/es\/home-es\/#breadcrumb\"},\"inLanguage\":\"fr-FR\",\"potentialAction\":[{\"@type\":\"ReadAction\",\"target\":[\"https:\/\/mammamia.lu\/index.php\/es\/home-es\/\"]}]},{\"@type\":\"BreadcrumbList\",\"@id\":\"https:\/\/mammamia.lu\/index.php\/es\/home-es\/#breadcrumb\",\"itemListElement\":[{\"@type\":\"ListItem\",\"position\":1,\"name\":\"Home\",\"item\":\"https:\/\/mammamia.lu\/\"},{\"@type\":\"ListItem\",\"position\":2,\"name\":\"Home-es\"}]},{\"@type\":\"WebSite\",\"@id\":\"https:\/\/mammamia.lu\/#website\",\"url\":\"https:\/\/mammamia.lu\/\",\"name\":\"Mamma Mia Restaurant Pizzeria\",\"description\":\"Sp\u00e9cialit\u00e9(s) : Fran\u00e7aise , Italienne , \u00e0 emporter\",\"publisher\":{\"@id\":\"https:\/\/mammamia.lu\/#organization\"},\"potentialAction\":[{\"@type\":\"SearchAction\",\"target\":{\"@type\":\"EntryPoint\",\"urlTemplate\":\"https:\/\/mammamia.lu\/?s={search_term_string}\"},\"query-input\":{\"@type\":\"PropertyValueSpecification\",\"valueRequired\":true,\"valueName\":\"search_term_string\"}}],\"inLanguage\":\"fr-FR\"},{\"@type\":\"Organization\",\"@id\":\"https:\/\/mammamia.lu\/#organization\",\"name\":\"Restaurant Mamma Mia\",\"url\":\"https:\/\/mammamia.lu\/\",\"logo\":{\"@type\":\"ImageObject\",\"inLanguage\":\"fr-FR\",\"@id\":\"https:\/\/mammamia.lu\/#\/schema\/logo\/image\/\",\"url\":\"https:\/\/mammamia.lu\/wp-content\/uploads\/2020\/11\/logo_trans.png\",\"contentUrl\":\"https:\/\/mammamia.lu\/wp-content\/uploads\/2020\/11\/logo_trans.png\",\"width\":905,\"height\":231,\"caption\":\"Restaurant Mamma Mia\"},\"image\":{\"@id\":\"https:\/\/mammamia.lu\/#\/schema\/logo\/image\/\"}}]}<\/script>\n<!-- \/ Yoast SEO plugin. -->","yoast_head_json":{"title":"Home-es - Mamma Mia Ristorante Pizzeria","robots":{"index":"index","follow":"follow","max-snippet":"max-snippet:-1","max-image-preview":"max-image-preview:large","max-video-preview":"max-video-preview:-1"},"canonical":"https:\/\/mammamia.lu\/index.php\/es\/home-es\/","og_locale":"fr_FR","og_type":"article","og_title":"Home-es - Mamma Mia Ristorante Pizzeria","og_url":"https:\/\/mammamia.lu\/index.php\/es\/home-es\/","og_site_name":"Mamma Mia Ristorante Pizzeria","article_modified_time":"2020-11-26T10:33:13+00:00","twitter_card":"summary_large_image","schema":{"@context":"https:\/\/schema.org","@graph":[{"@type":"WebPage","@id":"https:\/\/mammamia.lu\/index.php\/es\/home-es\/","url":"https:\/\/mammamia.lu\/index.php\/es\/home-es\/","name":"Home-es - Mamma Mia Ristorante Pizzeria","isPartOf":{"@id":"https:\/\/mammamia.lu\/#website"},"datePublished":"2020-11-26T10:33:11+00:00","dateModified":"2020-11-26T10:33:13+00:00","breadcrumb":{"@id":"https:\/\/mammamia.lu\/index.php\/es\/home-es\/#breadcrumb"},"inLanguage":"fr-FR","potentialAction":[{"@type":"ReadAction","target":["https:\/\/mammamia.lu\/index.php\/es\/home-es\/"]}]},{"@type":"BreadcrumbList","@id":"https:\/\/mammamia.lu\/index.php\/es\/home-es\/#breadcrumb","itemListElement":[{"@type":"ListItem","position":1,"name":"Home","item":"https:\/\/mammamia.lu\/"},{"@type":"ListItem","position":2,"name":"Home-es"}]},{"@type":"WebSite","@id":"https:\/\/mammamia.lu\/#website","url":"https:\/\/mammamia.lu\/","name":"Mamma Mia Restaurant Pizzeria","description":"Sp\u00e9cialit\u00e9(s) : Fran\u00e7aise , Italienne , \u00e0 emporter","publisher":{"@id":"https:\/\/mammamia.lu\/#organization"},"potentialAction":[{"@type":"SearchAction","target":{"@type":"EntryPoint","urlTemplate":"https:\/\/mammamia.lu\/?s={search_term_string}"},"query-input":{"@type":"PropertyValueSpecification","valueRequired":true,"valueName":"search_term_string"}}],"inLanguage":"fr-FR"},{"@type":"Organization","@id":"https:\/\/mammamia.lu\/#organization","name":"Restaurant Mamma Mia","url":"https:\/\/mammamia.lu\/","logo":{"@type":"ImageObject","inLanguage":"fr-FR","@id":"https:\/\/mammamia.lu\/#\/schema\/logo\/image\/","url":"https:\/\/mammamia.lu\/wp-content\/uploads\/2020\/11\/logo_trans.png","contentUrl":"https:\/\/mammamia.lu\/wp-content\/uploads\/2020\/11\/logo_trans.png","width":905,"height":231,"caption":"Restaurant Mamma Mia"},"image":{"@id":"https:\/\/mammamia.lu\/#\/schema\/logo\/image\/"}}]}},"_links":{"self":[{"href":"https:\/\/mammamia.lu\/index.php\/wp-json\/wp\/v2\/pages\/210"}],"collection":[{"href":"https:\/\/mammamia.lu\/index.php\/wp-json\/wp\/v2\/pages"}],"about":[{"href":"https:\/\/mammamia.lu\/index.php\/wp-json\/wp\/v2\/types\/page"}],"author":[{"embeddable":true,"href":"https:\/\/mammamia.lu\/index.php\/wp-json\/wp\/v2\/users\/1"}],"replies":[{"embeddable":true,"href":"https:\/\/mammamia.lu\/index.php\/wp-json\/wp\/v2\/comments?post=210"}],"version-history":[{"count":1,"href":"https:\/\/mammamia.lu\/index.php\/wp-json\/wp\/v2\/pages\/210\/revisions"}],"predecessor-version":[{"id":211,"href":"https:\/\/mammamia.lu\/index.php\/wp-json\/wp\/v2\/pages\/210\/revisions\/211"}],"wp:attachment":[{"href":"https:\/\/mammamia.lu\/index.php\/wp-json\/wp\/v2\/media?parent=210"}],"curies":[{"name":"wp","href":"https:\/\/api.w.org\/{rel}","templated":true}]}}