{"id":10009,"date":"2026-03-29T11:12:49","date_gmt":"2026-03-29T10:12:49","guid":{"rendered":"https:\/\/mammamia.lu\/index.php\/product\/duo-dasperges-jambon-de-parme-et-saumon-fume\/"},"modified":"2026-03-29T11:12:52","modified_gmt":"2026-03-29T10:12:52","slug":"duo-dasperges-jambon-de-parme-et-saumon-fume","status":"publish","type":"product","link":"https:\/\/mammamia.lu\/index.php\/product\/duo-dasperges-jambon-de-parme-et-saumon-fume\/","title":{"rendered":"Duo d\u2019asperges, jambon de Parme et saumon fum\u00e9"},"content":{"rendered":"<p>D&rsquo;asperges au jambon de Parme et saumon fum\u00e9 avec sauce mousseline<\/p>\n<p>3.4.7<\/p>\n","protected":false},"excerpt":{"rendered":"<p>D&rsquo;asperges au jambon de Parme et saumon fum\u00e9 avec sauce mousseline 3.4.7<\/p>\n","protected":false},"featured_media":4711,"template":"","meta":{"_acf_changed":false},"product_cat":[83,19],"product_tag":[],"acf":[],"yoast_head":"<!-- This site is optimized with the Yoast SEO plugin v23.5 - https:\/\/yoast.com\/wordpress\/plugins\/seo\/ -->\n<title>Duo d\u2019asperges, jambon de Parme et saumon fum\u00e9 - Mamma Mia Ristorante Pizzeria<\/title>\n<meta name=\"robots\" content=\"index, follow, max-snippet:-1, max-image-preview:large, max-video-preview:-1\" \/>\n<link rel=\"canonical\" href=\"https:\/\/mammamia.lu\/index.php\/product\/duo-dasperges-jambon-de-parme-et-saumon-fume\/\" \/>\n<meta property=\"og:locale\" content=\"fr_FR\" \/>\n<meta property=\"og:type\" content=\"article\" \/>\n<meta property=\"og:title\" content=\"Duo d\u2019asperges, jambon de Parme et saumon fum\u00e9 - Mamma Mia Ristorante Pizzeria\" \/>\n<meta property=\"og:description\" content=\"D&rsquo;asperges au jambon de Parme et saumon fum\u00e9 avec sauce mousseline 3.4.7\" \/>\n<meta property=\"og:url\" content=\"https:\/\/mammamia.lu\/index.php\/product\/duo-dasperges-jambon-de-parme-et-saumon-fume\/\" \/>\n<meta property=\"og:site_name\" content=\"Mamma Mia Ristorante Pizzeria\" \/>\n<meta property=\"article:modified_time\" content=\"2026-03-29T10:12:52+00:00\" \/>\n<meta name=\"twitter:card\" content=\"summary_large_image\" \/>\n<script type=\"application\/ld+json\" class=\"yoast-schema-graph\">{\"@context\":\"https:\/\/schema.org\",\"@graph\":[{\"@type\":\"WebPage\",\"@id\":\"https:\/\/mammamia.lu\/index.php\/product\/duo-dasperges-jambon-de-parme-et-saumon-fume\/\",\"url\":\"https:\/\/mammamia.lu\/index.php\/product\/duo-dasperges-jambon-de-parme-et-saumon-fume\/\",\"name\":\"Duo d\u2019asperges, jambon de Parme et saumon fum\u00e9 - Mamma Mia Ristorante Pizzeria\",\"isPartOf\":{\"@id\":\"https:\/\/mammamia.lu\/#website\"},\"primaryImageOfPage\":{\"@id\":\"https:\/\/mammamia.lu\/index.php\/product\/duo-dasperges-jambon-de-parme-et-saumon-fume\/#primaryimage\"},\"image\":{\"@id\":\"https:\/\/mammamia.lu\/index.php\/product\/duo-dasperges-jambon-de-parme-et-saumon-fume\/#primaryimage\"},\"thumbnailUrl\":\"https:\/\/mammamia.lu\/wp-content\/uploads\/2022\/11\/DUO-ASPERGES-scaled.jpg\",\"datePublished\":\"2026-03-29T10:12:49+00:00\",\"dateModified\":\"2026-03-29T10:12:52+00:00\",\"breadcrumb\":{\"@id\":\"https:\/\/mammamia.lu\/index.php\/product\/duo-dasperges-jambon-de-parme-et-saumon-fume\/#breadcrumb\"},\"inLanguage\":\"fr-FR\",\"potentialAction\":[{\"@type\":\"ReadAction\",\"target\":[\"https:\/\/mammamia.lu\/index.php\/product\/duo-dasperges-jambon-de-parme-et-saumon-fume\/\"]}]},{\"@type\":\"ImageObject\",\"inLanguage\":\"fr-FR\",\"@id\":\"https:\/\/mammamia.lu\/index.php\/product\/duo-dasperges-jambon-de-parme-et-saumon-fume\/#primaryimage\",\"url\":\"https:\/\/mammamia.lu\/wp-content\/uploads\/2022\/11\/DUO-ASPERGES-scaled.jpg\",\"contentUrl\":\"https:\/\/mammamia.lu\/wp-content\/uploads\/2022\/11\/DUO-ASPERGES-scaled.jpg\",\"width\":2560,\"height\":1795},{\"@type\":\"BreadcrumbList\",\"@id\":\"https:\/\/mammamia.lu\/index.php\/product\/duo-dasperges-jambon-de-parme-et-saumon-fume\/#breadcrumb\",\"itemListElement\":[{\"@type\":\"ListItem\",\"position\":1,\"name\":\"Home\",\"item\":\"https:\/\/mammamia.lu\/\"},{\"@type\":\"ListItem\",\"position\":2,\"name\":\"Shop\",\"item\":\"https:\/\/mammamia.lu\/index.php\/shop\/\"},{\"@type\":\"ListItem\",\"position\":3,\"name\":\"Duo d\u2019asperges, jambon de Parme et saumon fum\u00e9\"}]},{\"@type\":\"WebSite\",\"@id\":\"https:\/\/mammamia.lu\/#website\",\"url\":\"https:\/\/mammamia.lu\/\",\"name\":\"Mamma Mia Restaurant Pizzeria\",\"description\":\"Sp\u00e9cialit\u00e9(s) : Fran\u00e7aise , Italienne , \u00e0 emporter\",\"publisher\":{\"@id\":\"https:\/\/mammamia.lu\/#organization\"},\"potentialAction\":[{\"@type\":\"SearchAction\",\"target\":{\"@type\":\"EntryPoint\",\"urlTemplate\":\"https:\/\/mammamia.lu\/?s={search_term_string}\"},\"query-input\":{\"@type\":\"PropertyValueSpecification\",\"valueRequired\":true,\"valueName\":\"search_term_string\"}}],\"inLanguage\":\"fr-FR\"},{\"@type\":\"Organization\",\"@id\":\"https:\/\/mammamia.lu\/#organization\",\"name\":\"Restaurant Mamma Mia\",\"url\":\"https:\/\/mammamia.lu\/\",\"logo\":{\"@type\":\"ImageObject\",\"inLanguage\":\"fr-FR\",\"@id\":\"https:\/\/mammamia.lu\/#\/schema\/logo\/image\/\",\"url\":\"https:\/\/mammamia.lu\/wp-content\/uploads\/2020\/11\/logo_trans.png\",\"contentUrl\":\"https:\/\/mammamia.lu\/wp-content\/uploads\/2020\/11\/logo_trans.png\",\"width\":905,\"height\":231,\"caption\":\"Restaurant Mamma Mia\"},\"image\":{\"@id\":\"https:\/\/mammamia.lu\/#\/schema\/logo\/image\/\"}}]}<\/script>\n<!-- \/ Yoast SEO plugin. -->","yoast_head_json":{"title":"Duo d\u2019asperges, jambon de Parme et saumon fum\u00e9 - Mamma Mia Ristorante Pizzeria","robots":{"index":"index","follow":"follow","max-snippet":"max-snippet:-1","max-image-preview":"max-image-preview:large","max-video-preview":"max-video-preview:-1"},"canonical":"https:\/\/mammamia.lu\/index.php\/product\/duo-dasperges-jambon-de-parme-et-saumon-fume\/","og_locale":"fr_FR","og_type":"article","og_title":"Duo d\u2019asperges, jambon de Parme et saumon fum\u00e9 - Mamma Mia Ristorante Pizzeria","og_description":"D&rsquo;asperges au jambon de Parme et saumon fum\u00e9 avec sauce mousseline 3.4.7","og_url":"https:\/\/mammamia.lu\/index.php\/product\/duo-dasperges-jambon-de-parme-et-saumon-fume\/","og_site_name":"Mamma Mia Ristorante Pizzeria","article_modified_time":"2026-03-29T10:12:52+00:00","twitter_card":"summary_large_image","schema":{"@context":"https:\/\/schema.org","@graph":[{"@type":"WebPage","@id":"https:\/\/mammamia.lu\/index.php\/product\/duo-dasperges-jambon-de-parme-et-saumon-fume\/","url":"https:\/\/mammamia.lu\/index.php\/product\/duo-dasperges-jambon-de-parme-et-saumon-fume\/","name":"Duo d\u2019asperges, jambon de Parme et saumon fum\u00e9 - Mamma Mia Ristorante Pizzeria","isPartOf":{"@id":"https:\/\/mammamia.lu\/#website"},"primaryImageOfPage":{"@id":"https:\/\/mammamia.lu\/index.php\/product\/duo-dasperges-jambon-de-parme-et-saumon-fume\/#primaryimage"},"image":{"@id":"https:\/\/mammamia.lu\/index.php\/product\/duo-dasperges-jambon-de-parme-et-saumon-fume\/#primaryimage"},"thumbnailUrl":"https:\/\/mammamia.lu\/wp-content\/uploads\/2022\/11\/DUO-ASPERGES-scaled.jpg","datePublished":"2026-03-29T10:12:49+00:00","dateModified":"2026-03-29T10:12:52+00:00","breadcrumb":{"@id":"https:\/\/mammamia.lu\/index.php\/product\/duo-dasperges-jambon-de-parme-et-saumon-fume\/#breadcrumb"},"inLanguage":"fr-FR","potentialAction":[{"@type":"ReadAction","target":["https:\/\/mammamia.lu\/index.php\/product\/duo-dasperges-jambon-de-parme-et-saumon-fume\/"]}]},{"@type":"ImageObject","inLanguage":"fr-FR","@id":"https:\/\/mammamia.lu\/index.php\/product\/duo-dasperges-jambon-de-parme-et-saumon-fume\/#primaryimage","url":"https:\/\/mammamia.lu\/wp-content\/uploads\/2022\/11\/DUO-ASPERGES-scaled.jpg","contentUrl":"https:\/\/mammamia.lu\/wp-content\/uploads\/2022\/11\/DUO-ASPERGES-scaled.jpg","width":2560,"height":1795},{"@type":"BreadcrumbList","@id":"https:\/\/mammamia.lu\/index.php\/product\/duo-dasperges-jambon-de-parme-et-saumon-fume\/#breadcrumb","itemListElement":[{"@type":"ListItem","position":1,"name":"Home","item":"https:\/\/mammamia.lu\/"},{"@type":"ListItem","position":2,"name":"Shop","item":"https:\/\/mammamia.lu\/index.php\/shop\/"},{"@type":"ListItem","position":3,"name":"Duo d\u2019asperges, jambon de Parme et saumon fum\u00e9"}]},{"@type":"WebSite","@id":"https:\/\/mammamia.lu\/#website","url":"https:\/\/mammamia.lu\/","name":"Mamma Mia Restaurant Pizzeria","description":"Sp\u00e9cialit\u00e9(s) : Fran\u00e7aise , Italienne , \u00e0 emporter","publisher":{"@id":"https:\/\/mammamia.lu\/#organization"},"potentialAction":[{"@type":"SearchAction","target":{"@type":"EntryPoint","urlTemplate":"https:\/\/mammamia.lu\/?s={search_term_string}"},"query-input":{"@type":"PropertyValueSpecification","valueRequired":true,"valueName":"search_term_string"}}],"inLanguage":"fr-FR"},{"@type":"Organization","@id":"https:\/\/mammamia.lu\/#organization","name":"Restaurant Mamma Mia","url":"https:\/\/mammamia.lu\/","logo":{"@type":"ImageObject","inLanguage":"fr-FR","@id":"https:\/\/mammamia.lu\/#\/schema\/logo\/image\/","url":"https:\/\/mammamia.lu\/wp-content\/uploads\/2020\/11\/logo_trans.png","contentUrl":"https:\/\/mammamia.lu\/wp-content\/uploads\/2020\/11\/logo_trans.png","width":905,"height":231,"caption":"Restaurant Mamma Mia"},"image":{"@id":"https:\/\/mammamia.lu\/#\/schema\/logo\/image\/"}}]}},"_links":{"self":[{"href":"https:\/\/mammamia.lu\/index.php\/wp-json\/wp\/v2\/product\/10009"}],"collection":[{"href":"https:\/\/mammamia.lu\/index.php\/wp-json\/wp\/v2\/product"}],"about":[{"href":"https:\/\/mammamia.lu\/index.php\/wp-json\/wp\/v2\/types\/product"}],"wp:featuredmedia":[{"embeddable":true,"href":"https:\/\/mammamia.lu\/index.php\/wp-json\/wp\/v2\/media\/4711"}],"wp:attachment":[{"href":"https:\/\/mammamia.lu\/index.php\/wp-json\/wp\/v2\/media?parent=10009"}],"wp:term":[{"taxonomy":"product_cat","embeddable":true,"href":"https:\/\/mammamia.lu\/index.php\/wp-json\/wp\/v2\/product_cat?post=10009"},{"taxonomy":"product_tag","embeddable":true,"href":"https:\/\/mammamia.lu\/index.php\/wp-json\/wp\/v2\/product_tag?post=10009"}],"curies":[{"name":"wp","href":"https:\/\/api.w.org\/{rel}","templated":true}]}}