{"id":10013,"date":"2026-03-29T11:20:09","date_gmt":"2026-03-29T10:20:09","guid":{"rendered":"https:\/\/mammamia.lu\/index.php\/product\/filet-de-boeuf-aux-asperges\/"},"modified":"2026-03-29T11:20:12","modified_gmt":"2026-03-29T10:20:12","slug":"filet-de-boeuf-aux-asperges","status":"publish","type":"product","link":"https:\/\/mammamia.lu\/index.php\/product\/filet-de-boeuf-aux-asperges\/","title":{"rendered":"Filet de b\u0153uf aux asperges"},"content":{"rendered":"<p>Filet de b\u0153uf aux asperges et sauce aigre-douce<\/p>\n<p>1.<\/p>\n","protected":false},"excerpt":{"rendered":"<p>Filet de b\u0153uf aux asperges et sauce aigre-douce 1.<\/p>\n","protected":false},"featured_media":1443,"template":"","meta":{"_acf_changed":false},"product_brand":[],"product_cat":[83,23],"product_tag":[],"class_list":{"0":"post-10013","1":"product","2":"type-product","3":"status-publish","4":"has-post-thumbnail","6":"product_cat-les-suggestions","7":"product_cat-les-viandes","9":"first","10":"instock","11":"shipping-taxable","12":"purchasable","13":"product-type-simple"},"acf":[],"yoast_head":"<!-- This site is optimized with the Yoast SEO plugin v27.3 - https:\/\/yoast.com\/product\/yoast-seo-wordpress\/ -->\n<title>Filet de b\u0153uf aux asperges - Mamma Mia Ristorante Pizzeria<\/title>\n<meta name=\"robots\" content=\"index, follow, max-snippet:-1, max-image-preview:large, max-video-preview:-1\" \/>\n<link rel=\"canonical\" href=\"https:\/\/mammamia.lu\/index.php\/product\/filet-de-boeuf-aux-asperges\/\" \/>\n<meta property=\"og:locale\" content=\"fr_FR\" \/>\n<meta property=\"og:type\" content=\"article\" \/>\n<meta property=\"og:title\" content=\"Filet de b\u0153uf aux asperges - Mamma Mia Ristorante Pizzeria\" \/>\n<meta property=\"og:description\" content=\"Filet de b\u0153uf aux asperges et sauce aigre-douce 1.\" \/>\n<meta property=\"og:url\" content=\"https:\/\/mammamia.lu\/index.php\/product\/filet-de-boeuf-aux-asperges\/\" \/>\n<meta property=\"og:site_name\" content=\"Mamma Mia Ristorante Pizzeria\" \/>\n<meta property=\"article:modified_time\" content=\"2026-03-29T10:20:12+00:00\" \/>\n<meta name=\"twitter:card\" content=\"summary_large_image\" \/>\n<script type=\"application\/ld+json\" class=\"yoast-schema-graph\">{\"@context\":\"https:\\\/\\\/schema.org\",\"@graph\":[{\"@type\":\"WebPage\",\"@id\":\"https:\\\/\\\/mammamia.lu\\\/index.php\\\/product\\\/filet-de-boeuf-aux-asperges\\\/\",\"url\":\"https:\\\/\\\/mammamia.lu\\\/index.php\\\/product\\\/filet-de-boeuf-aux-asperges\\\/\",\"name\":\"Filet de b\u0153uf aux asperges - Mamma Mia Ristorante Pizzeria\",\"isPartOf\":{\"@id\":\"https:\\\/\\\/mammamia.lu\\\/#website\"},\"primaryImageOfPage\":{\"@id\":\"https:\\\/\\\/mammamia.lu\\\/index.php\\\/product\\\/filet-de-boeuf-aux-asperges\\\/#primaryimage\"},\"image\":{\"@id\":\"https:\\\/\\\/mammamia.lu\\\/index.php\\\/product\\\/filet-de-boeuf-aux-asperges\\\/#primaryimage\"},\"thumbnailUrl\":\"https:\\\/\\\/mammamia.lu\\\/wp-content\\\/uploads\\\/2021\\\/04\\\/Filetto-Asparagi-1.jpg\",\"datePublished\":\"2026-03-29T10:20:09+00:00\",\"dateModified\":\"2026-03-29T10:20:12+00:00\",\"breadcrumb\":{\"@id\":\"https:\\\/\\\/mammamia.lu\\\/index.php\\\/product\\\/filet-de-boeuf-aux-asperges\\\/#breadcrumb\"},\"inLanguage\":\"fr-FR\",\"potentialAction\":[{\"@type\":\"ReadAction\",\"target\":[\"https:\\\/\\\/mammamia.lu\\\/index.php\\\/product\\\/filet-de-boeuf-aux-asperges\\\/\"]}]},{\"@type\":\"ImageObject\",\"inLanguage\":\"fr-FR\",\"@id\":\"https:\\\/\\\/mammamia.lu\\\/index.php\\\/product\\\/filet-de-boeuf-aux-asperges\\\/#primaryimage\",\"url\":\"https:\\\/\\\/mammamia.lu\\\/wp-content\\\/uploads\\\/2021\\\/04\\\/Filetto-Asparagi-1.jpg\",\"contentUrl\":\"https:\\\/\\\/mammamia.lu\\\/wp-content\\\/uploads\\\/2021\\\/04\\\/Filetto-Asparagi-1.jpg\",\"width\":2048,\"height\":1538},{\"@type\":\"BreadcrumbList\",\"@id\":\"https:\\\/\\\/mammamia.lu\\\/index.php\\\/product\\\/filet-de-boeuf-aux-asperges\\\/#breadcrumb\",\"itemListElement\":[{\"@type\":\"ListItem\",\"position\":1,\"name\":\"Home\",\"item\":\"https:\\\/\\\/mammamia.lu\\\/\"},{\"@type\":\"ListItem\",\"position\":2,\"name\":\"Shop\",\"item\":\"https:\\\/\\\/mammamia.lu\\\/index.php\\\/shop\\\/\"},{\"@type\":\"ListItem\",\"position\":3,\"name\":\"Filet de b\u0153uf aux asperges\"}]},{\"@type\":\"WebSite\",\"@id\":\"https:\\\/\\\/mammamia.lu\\\/#website\",\"url\":\"https:\\\/\\\/mammamia.lu\\\/\",\"name\":\"Mamma Mia Restaurant Pizzeria\",\"description\":\"Sp\u00e9cialit\u00e9(s) : Fran\u00e7aise , Italienne , \u00e0 emporter\",\"publisher\":{\"@id\":\"https:\\\/\\\/mammamia.lu\\\/#organization\"},\"potentialAction\":[{\"@type\":\"SearchAction\",\"target\":{\"@type\":\"EntryPoint\",\"urlTemplate\":\"https:\\\/\\\/mammamia.lu\\\/?s={search_term_string}\"},\"query-input\":{\"@type\":\"PropertyValueSpecification\",\"valueRequired\":true,\"valueName\":\"search_term_string\"}}],\"inLanguage\":\"fr-FR\"},{\"@type\":\"Organization\",\"@id\":\"https:\\\/\\\/mammamia.lu\\\/#organization\",\"name\":\"Restaurant Mamma Mia\",\"url\":\"https:\\\/\\\/mammamia.lu\\\/\",\"logo\":{\"@type\":\"ImageObject\",\"inLanguage\":\"fr-FR\",\"@id\":\"https:\\\/\\\/mammamia.lu\\\/#\\\/schema\\\/logo\\\/image\\\/\",\"url\":\"https:\\\/\\\/mammamia.lu\\\/wp-content\\\/uploads\\\/2020\\\/11\\\/logo_trans.png\",\"contentUrl\":\"https:\\\/\\\/mammamia.lu\\\/wp-content\\\/uploads\\\/2020\\\/11\\\/logo_trans.png\",\"width\":905,\"height\":231,\"caption\":\"Restaurant Mamma Mia\"},\"image\":{\"@id\":\"https:\\\/\\\/mammamia.lu\\\/#\\\/schema\\\/logo\\\/image\\\/\"}}]}<\/script>\n<!-- \/ Yoast SEO plugin. -->","yoast_head_json":{"title":"Filet de b\u0153uf aux asperges - Mamma Mia Ristorante Pizzeria","robots":{"index":"index","follow":"follow","max-snippet":"max-snippet:-1","max-image-preview":"max-image-preview:large","max-video-preview":"max-video-preview:-1"},"canonical":"https:\/\/mammamia.lu\/index.php\/product\/filet-de-boeuf-aux-asperges\/","og_locale":"fr_FR","og_type":"article","og_title":"Filet de b\u0153uf aux asperges - Mamma Mia Ristorante Pizzeria","og_description":"Filet de b\u0153uf aux asperges et sauce aigre-douce 1.","og_url":"https:\/\/mammamia.lu\/index.php\/product\/filet-de-boeuf-aux-asperges\/","og_site_name":"Mamma Mia Ristorante Pizzeria","article_modified_time":"2026-03-29T10:20:12+00:00","twitter_card":"summary_large_image","schema":{"@context":"https:\/\/schema.org","@graph":[{"@type":"WebPage","@id":"https:\/\/mammamia.lu\/index.php\/product\/filet-de-boeuf-aux-asperges\/","url":"https:\/\/mammamia.lu\/index.php\/product\/filet-de-boeuf-aux-asperges\/","name":"Filet de b\u0153uf aux asperges - Mamma Mia Ristorante Pizzeria","isPartOf":{"@id":"https:\/\/mammamia.lu\/#website"},"primaryImageOfPage":{"@id":"https:\/\/mammamia.lu\/index.php\/product\/filet-de-boeuf-aux-asperges\/#primaryimage"},"image":{"@id":"https:\/\/mammamia.lu\/index.php\/product\/filet-de-boeuf-aux-asperges\/#primaryimage"},"thumbnailUrl":"https:\/\/mammamia.lu\/wp-content\/uploads\/2021\/04\/Filetto-Asparagi-1.jpg","datePublished":"2026-03-29T10:20:09+00:00","dateModified":"2026-03-29T10:20:12+00:00","breadcrumb":{"@id":"https:\/\/mammamia.lu\/index.php\/product\/filet-de-boeuf-aux-asperges\/#breadcrumb"},"inLanguage":"fr-FR","potentialAction":[{"@type":"ReadAction","target":["https:\/\/mammamia.lu\/index.php\/product\/filet-de-boeuf-aux-asperges\/"]}]},{"@type":"ImageObject","inLanguage":"fr-FR","@id":"https:\/\/mammamia.lu\/index.php\/product\/filet-de-boeuf-aux-asperges\/#primaryimage","url":"https:\/\/mammamia.lu\/wp-content\/uploads\/2021\/04\/Filetto-Asparagi-1.jpg","contentUrl":"https:\/\/mammamia.lu\/wp-content\/uploads\/2021\/04\/Filetto-Asparagi-1.jpg","width":2048,"height":1538},{"@type":"BreadcrumbList","@id":"https:\/\/mammamia.lu\/index.php\/product\/filet-de-boeuf-aux-asperges\/#breadcrumb","itemListElement":[{"@type":"ListItem","position":1,"name":"Home","item":"https:\/\/mammamia.lu\/"},{"@type":"ListItem","position":2,"name":"Shop","item":"https:\/\/mammamia.lu\/index.php\/shop\/"},{"@type":"ListItem","position":3,"name":"Filet de b\u0153uf aux asperges"}]},{"@type":"WebSite","@id":"https:\/\/mammamia.lu\/#website","url":"https:\/\/mammamia.lu\/","name":"Mamma Mia Restaurant Pizzeria","description":"Sp\u00e9cialit\u00e9(s) : Fran\u00e7aise , Italienne , \u00e0 emporter","publisher":{"@id":"https:\/\/mammamia.lu\/#organization"},"potentialAction":[{"@type":"SearchAction","target":{"@type":"EntryPoint","urlTemplate":"https:\/\/mammamia.lu\/?s={search_term_string}"},"query-input":{"@type":"PropertyValueSpecification","valueRequired":true,"valueName":"search_term_string"}}],"inLanguage":"fr-FR"},{"@type":"Organization","@id":"https:\/\/mammamia.lu\/#organization","name":"Restaurant Mamma Mia","url":"https:\/\/mammamia.lu\/","logo":{"@type":"ImageObject","inLanguage":"fr-FR","@id":"https:\/\/mammamia.lu\/#\/schema\/logo\/image\/","url":"https:\/\/mammamia.lu\/wp-content\/uploads\/2020\/11\/logo_trans.png","contentUrl":"https:\/\/mammamia.lu\/wp-content\/uploads\/2020\/11\/logo_trans.png","width":905,"height":231,"caption":"Restaurant Mamma Mia"},"image":{"@id":"https:\/\/mammamia.lu\/#\/schema\/logo\/image\/"}}]}},"_links":{"self":[{"href":"https:\/\/mammamia.lu\/index.php\/wp-json\/wp\/v2\/product\/10013","targetHints":{"allow":["GET"]}}],"collection":[{"href":"https:\/\/mammamia.lu\/index.php\/wp-json\/wp\/v2\/product"}],"about":[{"href":"https:\/\/mammamia.lu\/index.php\/wp-json\/wp\/v2\/types\/product"}],"wp:featuredmedia":[{"embeddable":true,"href":"https:\/\/mammamia.lu\/index.php\/wp-json\/wp\/v2\/media\/1443"}],"wp:attachment":[{"href":"https:\/\/mammamia.lu\/index.php\/wp-json\/wp\/v2\/media?parent=10013"}],"wp:term":[{"taxonomy":"product_brand","embeddable":true,"href":"https:\/\/mammamia.lu\/index.php\/wp-json\/wp\/v2\/product_brand?post=10013"},{"taxonomy":"product_cat","embeddable":true,"href":"https:\/\/mammamia.lu\/index.php\/wp-json\/wp\/v2\/product_cat?post=10013"},{"taxonomy":"product_tag","embeddable":true,"href":"https:\/\/mammamia.lu\/index.php\/wp-json\/wp\/v2\/product_tag?post=10013"}],"curies":[{"name":"wp","href":"https:\/\/api.w.org\/{rel}","templated":true}]}}