{"id":498,"date":"2020-11-30T17:36:18","date_gmt":"2020-11-30T16:36:18","guid":{"rendered":"https:\/\/mammamia.lu\/?post_type=product&#038;p=498"},"modified":"2026-03-13T20:31:34","modified_gmt":"2026-03-13T19:31:34","slug":"entrecote-de-boeuf-grille","status":"publish","type":"product","link":"https:\/\/mammamia.lu\/index.php\/product\/entrecote-de-boeuf-grille\/","title":{"rendered":"Entrec\u00f4te de B\u0153uf Grill\u00e9 beurre Maitre d&rsquo;Hotel"},"content":{"rendered":"","protected":false},"excerpt":{"rendered":"<p>Entrec\u00f4te de Boeuf \u00e0 la Grille, Frites et Salade<\/p>\n","protected":false},"featured_media":846,"template":"","meta":{"_acf_changed":false},"product_brand":[],"product_cat":[23],"product_tag":[],"class_list":{"0":"post-498","1":"product","2":"type-product","3":"status-publish","4":"has-post-thumbnail","6":"product_cat-les-viandes","8":"first","9":"instock","10":"shipping-taxable","11":"purchasable","12":"product-type-simple"},"acf":[],"yoast_head":"<!-- This site is optimized with the Yoast SEO plugin v27.4 - https:\/\/yoast.com\/product\/yoast-seo-wordpress\/ -->\n<title>Entrec\u00f4te de B\u0153uf Grill\u00e9 beurre Maitre d&#039;Hotel - Mamma Mia Ristorante Pizzeria<\/title>\n<meta name=\"robots\" content=\"index, follow, max-snippet:-1, max-image-preview:large, max-video-preview:-1\" \/>\n<link rel=\"canonical\" href=\"https:\/\/mammamia.lu\/index.php\/product\/entrecote-de-boeuf-grille\/\" \/>\n<meta property=\"og:locale\" content=\"fr_FR\" \/>\n<meta property=\"og:type\" content=\"article\" \/>\n<meta property=\"og:title\" content=\"Entrec\u00f4te de B\u0153uf Grill\u00e9 beurre Maitre d&#039;Hotel - Mamma Mia Ristorante Pizzeria\" \/>\n<meta property=\"og:description\" content=\"Entrec\u00f4te de Boeuf \u00e0 la Grille, Frites et Salade\" \/>\n<meta property=\"og:url\" content=\"https:\/\/mammamia.lu\/index.php\/product\/entrecote-de-boeuf-grille\/\" \/>\n<meta property=\"og:site_name\" content=\"Mamma Mia Ristorante Pizzeria\" \/>\n<meta property=\"article:modified_time\" content=\"2026-03-13T19:31:34+00:00\" \/>\n<meta property=\"og:image\" content=\"https:\/\/mammamia.lu\/wp-content\/uploads\/2020\/12\/313-Entrecote.jpg\" \/>\n\t<meta property=\"og:image:width\" content=\"697\" \/>\n\t<meta property=\"og:image:height\" content=\"415\" \/>\n\t<meta property=\"og:image:type\" content=\"image\/jpeg\" \/>\n<meta name=\"twitter:card\" content=\"summary_large_image\" \/>\n<script type=\"application\/ld+json\" class=\"yoast-schema-graph\">{\"@context\":\"https:\\\/\\\/schema.org\",\"@graph\":[{\"@type\":\"WebPage\",\"@id\":\"https:\\\/\\\/mammamia.lu\\\/index.php\\\/product\\\/entrecote-de-boeuf-grille\\\/\",\"url\":\"https:\\\/\\\/mammamia.lu\\\/index.php\\\/product\\\/entrecote-de-boeuf-grille\\\/\",\"name\":\"Entrec\u00f4te de B\u0153uf Grill\u00e9 beurre Maitre d'Hotel - Mamma Mia Ristorante Pizzeria\",\"isPartOf\":{\"@id\":\"https:\\\/\\\/mammamia.lu\\\/#website\"},\"primaryImageOfPage\":{\"@id\":\"https:\\\/\\\/mammamia.lu\\\/index.php\\\/product\\\/entrecote-de-boeuf-grille\\\/#primaryimage\"},\"image\":{\"@id\":\"https:\\\/\\\/mammamia.lu\\\/index.php\\\/product\\\/entrecote-de-boeuf-grille\\\/#primaryimage\"},\"thumbnailUrl\":\"https:\\\/\\\/mammamia.lu\\\/wp-content\\\/uploads\\\/2020\\\/12\\\/313-Entrecote.jpg\",\"datePublished\":\"2020-11-30T16:36:18+00:00\",\"dateModified\":\"2026-03-13T19:31:34+00:00\",\"breadcrumb\":{\"@id\":\"https:\\\/\\\/mammamia.lu\\\/index.php\\\/product\\\/entrecote-de-boeuf-grille\\\/#breadcrumb\"},\"inLanguage\":\"fr-FR\",\"potentialAction\":[{\"@type\":\"ReadAction\",\"target\":[\"https:\\\/\\\/mammamia.lu\\\/index.php\\\/product\\\/entrecote-de-boeuf-grille\\\/\"]}]},{\"@type\":\"ImageObject\",\"inLanguage\":\"fr-FR\",\"@id\":\"https:\\\/\\\/mammamia.lu\\\/index.php\\\/product\\\/entrecote-de-boeuf-grille\\\/#primaryimage\",\"url\":\"https:\\\/\\\/mammamia.lu\\\/wp-content\\\/uploads\\\/2020\\\/12\\\/313-Entrecote.jpg\",\"contentUrl\":\"https:\\\/\\\/mammamia.lu\\\/wp-content\\\/uploads\\\/2020\\\/12\\\/313-Entrecote.jpg\",\"width\":697,\"height\":415},{\"@type\":\"BreadcrumbList\",\"@id\":\"https:\\\/\\\/mammamia.lu\\\/index.php\\\/product\\\/entrecote-de-boeuf-grille\\\/#breadcrumb\",\"itemListElement\":[{\"@type\":\"ListItem\",\"position\":1,\"name\":\"Home\",\"item\":\"https:\\\/\\\/mammamia.lu\\\/\"},{\"@type\":\"ListItem\",\"position\":2,\"name\":\"Shop\",\"item\":\"https:\\\/\\\/mammamia.lu\\\/index.php\\\/shop\\\/\"},{\"@type\":\"ListItem\",\"position\":3,\"name\":\"Entrec\u00f4te de B\u0153uf Grill\u00e9 beurre Maitre d&rsquo;Hotel\"}]},{\"@type\":\"WebSite\",\"@id\":\"https:\\\/\\\/mammamia.lu\\\/#website\",\"url\":\"https:\\\/\\\/mammamia.lu\\\/\",\"name\":\"Mamma Mia Restaurant Pizzeria\",\"description\":\"Sp\u00e9cialit\u00e9(s) : Fran\u00e7aise , Italienne , \u00e0 emporter\",\"publisher\":{\"@id\":\"https:\\\/\\\/mammamia.lu\\\/#organization\"},\"potentialAction\":[{\"@type\":\"SearchAction\",\"target\":{\"@type\":\"EntryPoint\",\"urlTemplate\":\"https:\\\/\\\/mammamia.lu\\\/?s={search_term_string}\"},\"query-input\":{\"@type\":\"PropertyValueSpecification\",\"valueRequired\":true,\"valueName\":\"search_term_string\"}}],\"inLanguage\":\"fr-FR\"},{\"@type\":\"Organization\",\"@id\":\"https:\\\/\\\/mammamia.lu\\\/#organization\",\"name\":\"Restaurant Mamma Mia\",\"url\":\"https:\\\/\\\/mammamia.lu\\\/\",\"logo\":{\"@type\":\"ImageObject\",\"inLanguage\":\"fr-FR\",\"@id\":\"https:\\\/\\\/mammamia.lu\\\/#\\\/schema\\\/logo\\\/image\\\/\",\"url\":\"https:\\\/\\\/mammamia.lu\\\/wp-content\\\/uploads\\\/2020\\\/11\\\/logo_trans.png\",\"contentUrl\":\"https:\\\/\\\/mammamia.lu\\\/wp-content\\\/uploads\\\/2020\\\/11\\\/logo_trans.png\",\"width\":905,\"height\":231,\"caption\":\"Restaurant Mamma Mia\"},\"image\":{\"@id\":\"https:\\\/\\\/mammamia.lu\\\/#\\\/schema\\\/logo\\\/image\\\/\"}}]}<\/script>\n<!-- \/ Yoast SEO plugin. -->","yoast_head_json":{"title":"Entrec\u00f4te de B\u0153uf Grill\u00e9 beurre Maitre d'Hotel - Mamma Mia Ristorante Pizzeria","robots":{"index":"index","follow":"follow","max-snippet":"max-snippet:-1","max-image-preview":"max-image-preview:large","max-video-preview":"max-video-preview:-1"},"canonical":"https:\/\/mammamia.lu\/index.php\/product\/entrecote-de-boeuf-grille\/","og_locale":"fr_FR","og_type":"article","og_title":"Entrec\u00f4te de B\u0153uf Grill\u00e9 beurre Maitre d'Hotel - Mamma Mia Ristorante Pizzeria","og_description":"Entrec\u00f4te de Boeuf \u00e0 la Grille, Frites et Salade","og_url":"https:\/\/mammamia.lu\/index.php\/product\/entrecote-de-boeuf-grille\/","og_site_name":"Mamma Mia Ristorante Pizzeria","article_modified_time":"2026-03-13T19:31:34+00:00","og_image":[{"width":697,"height":415,"url":"https:\/\/mammamia.lu\/wp-content\/uploads\/2020\/12\/313-Entrecote.jpg","type":"image\/jpeg"}],"twitter_card":"summary_large_image","schema":{"@context":"https:\/\/schema.org","@graph":[{"@type":"WebPage","@id":"https:\/\/mammamia.lu\/index.php\/product\/entrecote-de-boeuf-grille\/","url":"https:\/\/mammamia.lu\/index.php\/product\/entrecote-de-boeuf-grille\/","name":"Entrec\u00f4te de B\u0153uf Grill\u00e9 beurre Maitre d'Hotel - Mamma Mia Ristorante Pizzeria","isPartOf":{"@id":"https:\/\/mammamia.lu\/#website"},"primaryImageOfPage":{"@id":"https:\/\/mammamia.lu\/index.php\/product\/entrecote-de-boeuf-grille\/#primaryimage"},"image":{"@id":"https:\/\/mammamia.lu\/index.php\/product\/entrecote-de-boeuf-grille\/#primaryimage"},"thumbnailUrl":"https:\/\/mammamia.lu\/wp-content\/uploads\/2020\/12\/313-Entrecote.jpg","datePublished":"2020-11-30T16:36:18+00:00","dateModified":"2026-03-13T19:31:34+00:00","breadcrumb":{"@id":"https:\/\/mammamia.lu\/index.php\/product\/entrecote-de-boeuf-grille\/#breadcrumb"},"inLanguage":"fr-FR","potentialAction":[{"@type":"ReadAction","target":["https:\/\/mammamia.lu\/index.php\/product\/entrecote-de-boeuf-grille\/"]}]},{"@type":"ImageObject","inLanguage":"fr-FR","@id":"https:\/\/mammamia.lu\/index.php\/product\/entrecote-de-boeuf-grille\/#primaryimage","url":"https:\/\/mammamia.lu\/wp-content\/uploads\/2020\/12\/313-Entrecote.jpg","contentUrl":"https:\/\/mammamia.lu\/wp-content\/uploads\/2020\/12\/313-Entrecote.jpg","width":697,"height":415},{"@type":"BreadcrumbList","@id":"https:\/\/mammamia.lu\/index.php\/product\/entrecote-de-boeuf-grille\/#breadcrumb","itemListElement":[{"@type":"ListItem","position":1,"name":"Home","item":"https:\/\/mammamia.lu\/"},{"@type":"ListItem","position":2,"name":"Shop","item":"https:\/\/mammamia.lu\/index.php\/shop\/"},{"@type":"ListItem","position":3,"name":"Entrec\u00f4te de B\u0153uf Grill\u00e9 beurre Maitre d&rsquo;Hotel"}]},{"@type":"WebSite","@id":"https:\/\/mammamia.lu\/#website","url":"https:\/\/mammamia.lu\/","name":"Mamma Mia Restaurant Pizzeria","description":"Sp\u00e9cialit\u00e9(s) : Fran\u00e7aise , Italienne , \u00e0 emporter","publisher":{"@id":"https:\/\/mammamia.lu\/#organization"},"potentialAction":[{"@type":"SearchAction","target":{"@type":"EntryPoint","urlTemplate":"https:\/\/mammamia.lu\/?s={search_term_string}"},"query-input":{"@type":"PropertyValueSpecification","valueRequired":true,"valueName":"search_term_string"}}],"inLanguage":"fr-FR"},{"@type":"Organization","@id":"https:\/\/mammamia.lu\/#organization","name":"Restaurant Mamma Mia","url":"https:\/\/mammamia.lu\/","logo":{"@type":"ImageObject","inLanguage":"fr-FR","@id":"https:\/\/mammamia.lu\/#\/schema\/logo\/image\/","url":"https:\/\/mammamia.lu\/wp-content\/uploads\/2020\/11\/logo_trans.png","contentUrl":"https:\/\/mammamia.lu\/wp-content\/uploads\/2020\/11\/logo_trans.png","width":905,"height":231,"caption":"Restaurant Mamma Mia"},"image":{"@id":"https:\/\/mammamia.lu\/#\/schema\/logo\/image\/"}}]}},"_links":{"self":[{"href":"https:\/\/mammamia.lu\/index.php\/wp-json\/wp\/v2\/product\/498","targetHints":{"allow":["GET"]}}],"collection":[{"href":"https:\/\/mammamia.lu\/index.php\/wp-json\/wp\/v2\/product"}],"about":[{"href":"https:\/\/mammamia.lu\/index.php\/wp-json\/wp\/v2\/types\/product"}],"wp:featuredmedia":[{"embeddable":true,"href":"https:\/\/mammamia.lu\/index.php\/wp-json\/wp\/v2\/media\/846"}],"wp:attachment":[{"href":"https:\/\/mammamia.lu\/index.php\/wp-json\/wp\/v2\/media?parent=498"}],"wp:term":[{"taxonomy":"product_brand","embeddable":true,"href":"https:\/\/mammamia.lu\/index.php\/wp-json\/wp\/v2\/product_brand?post=498"},{"taxonomy":"product_cat","embeddable":true,"href":"https:\/\/mammamia.lu\/index.php\/wp-json\/wp\/v2\/product_cat?post=498"},{"taxonomy":"product_tag","embeddable":true,"href":"https:\/\/mammamia.lu\/index.php\/wp-json\/wp\/v2\/product_tag?post=498"}],"curies":[{"name":"wp","href":"https:\/\/api.w.org\/{rel}","templated":true}]}}