{"id":8939,"date":"2025-09-16T18:46:41","date_gmt":"2025-09-16T17:46:41","guid":{"rendered":"https:\/\/mammamia.lu\/?post_type=product&#038;p=8939"},"modified":"2026-03-13T20:49:56","modified_gmt":"2026-03-13T19:49:56","slug":"mamma-mia","status":"publish","type":"product","link":"https:\/\/mammamia.lu\/index.php\/product\/mamma-mia\/","title":{"rendered":"PIZZA MAMMA MIA"},"content":{"rendered":"<p>Mozzarella, Tomate, Jambon Cuit, Sauce Bolognese, Salami Piquant, Poivrons et \u0152uf (1.3.7.9)<\/p>\n<p>(Exclusivit\u00e9 Mamma Mia)<\/p>\n","protected":false},"excerpt":{"rendered":"<p>Mozzarella, Tomate, Jambon Cuit, Sauce Bolognese, Salami Piquant, Poivrons et \u0152uf (1.3.7.9) (Exclusivit\u00e9 Mamma Mia)<\/p>\n","protected":false},"featured_media":8934,"template":"","meta":{"_acf_changed":false},"product_brand":[],"product_cat":[70,82],"product_tag":[],"class_list":{"0":"post-8939","1":"product","2":"type-product","3":"status-publish","4":"has-post-thumbnail","6":"product_cat-les-pizzas","7":"product_cat-pizzas-specialites-mamma-mia","9":"first","10":"instock","11":"shipping-taxable","12":"purchasable","13":"product-type-simple"},"acf":[],"yoast_head":"<!-- This site is optimized with the Yoast SEO plugin v27.4 - https:\/\/yoast.com\/product\/yoast-seo-wordpress\/ -->\n<title>PIZZA MAMMA MIA - Mamma Mia Ristorante Pizzeria<\/title>\n<meta name=\"robots\" content=\"index, follow, max-snippet:-1, max-image-preview:large, max-video-preview:-1\" \/>\n<link rel=\"canonical\" href=\"https:\/\/mammamia.lu\/index.php\/product\/mamma-mia\/\" \/>\n<meta property=\"og:locale\" content=\"fr_FR\" \/>\n<meta property=\"og:type\" content=\"article\" \/>\n<meta property=\"og:title\" content=\"PIZZA MAMMA MIA - Mamma Mia Ristorante Pizzeria\" \/>\n<meta property=\"og:description\" content=\"Mozzarella, Tomate, Jambon Cuit, Sauce Bolognese, Salami Piquant, Poivrons et \u0152uf (1.3.7.9) (Exclusivit\u00e9 Mamma Mia)\" \/>\n<meta property=\"og:url\" content=\"https:\/\/mammamia.lu\/index.php\/product\/mamma-mia\/\" \/>\n<meta property=\"og:site_name\" content=\"Mamma Mia Ristorante Pizzeria\" \/>\n<meta property=\"article:modified_time\" content=\"2026-03-13T19:49:56+00:00\" \/>\n<meta property=\"og:image\" content=\"https:\/\/mammamia.lu\/wp-content\/uploads\/2025\/09\/PIZZA-MAMMAMIA.jpg\" \/>\n\t<meta property=\"og:image:width\" content=\"485\" \/>\n\t<meta property=\"og:image:height\" content=\"289\" \/>\n\t<meta property=\"og:image:type\" content=\"image\/jpeg\" \/>\n<meta name=\"twitter:card\" content=\"summary_large_image\" \/>\n<meta name=\"twitter:label1\" content=\"Dur\u00e9e de lecture estim\u00e9e\" \/>\n\t<meta name=\"twitter:data1\" content=\"1 minute\" \/>\n<script type=\"application\/ld+json\" class=\"yoast-schema-graph\">{\"@context\":\"https:\\\/\\\/schema.org\",\"@graph\":[{\"@type\":\"WebPage\",\"@id\":\"https:\\\/\\\/mammamia.lu\\\/index.php\\\/product\\\/mamma-mia\\\/\",\"url\":\"https:\\\/\\\/mammamia.lu\\\/index.php\\\/product\\\/mamma-mia\\\/\",\"name\":\"PIZZA MAMMA MIA - Mamma Mia Ristorante Pizzeria\",\"isPartOf\":{\"@id\":\"https:\\\/\\\/mammamia.lu\\\/#website\"},\"primaryImageOfPage\":{\"@id\":\"https:\\\/\\\/mammamia.lu\\\/index.php\\\/product\\\/mamma-mia\\\/#primaryimage\"},\"image\":{\"@id\":\"https:\\\/\\\/mammamia.lu\\\/index.php\\\/product\\\/mamma-mia\\\/#primaryimage\"},\"thumbnailUrl\":\"https:\\\/\\\/mammamia.lu\\\/wp-content\\\/uploads\\\/2025\\\/09\\\/PIZZA-MAMMAMIA.jpg\",\"datePublished\":\"2025-09-16T17:46:41+00:00\",\"dateModified\":\"2026-03-13T19:49:56+00:00\",\"breadcrumb\":{\"@id\":\"https:\\\/\\\/mammamia.lu\\\/index.php\\\/product\\\/mamma-mia\\\/#breadcrumb\"},\"inLanguage\":\"fr-FR\",\"potentialAction\":[{\"@type\":\"ReadAction\",\"target\":[\"https:\\\/\\\/mammamia.lu\\\/index.php\\\/product\\\/mamma-mia\\\/\"]}]},{\"@type\":\"ImageObject\",\"inLanguage\":\"fr-FR\",\"@id\":\"https:\\\/\\\/mammamia.lu\\\/index.php\\\/product\\\/mamma-mia\\\/#primaryimage\",\"url\":\"https:\\\/\\\/mammamia.lu\\\/wp-content\\\/uploads\\\/2025\\\/09\\\/PIZZA-MAMMAMIA.jpg\",\"contentUrl\":\"https:\\\/\\\/mammamia.lu\\\/wp-content\\\/uploads\\\/2025\\\/09\\\/PIZZA-MAMMAMIA.jpg\",\"width\":485,\"height\":289},{\"@type\":\"BreadcrumbList\",\"@id\":\"https:\\\/\\\/mammamia.lu\\\/index.php\\\/product\\\/mamma-mia\\\/#breadcrumb\",\"itemListElement\":[{\"@type\":\"ListItem\",\"position\":1,\"name\":\"Home\",\"item\":\"https:\\\/\\\/mammamia.lu\\\/\"},{\"@type\":\"ListItem\",\"position\":2,\"name\":\"Shop\",\"item\":\"https:\\\/\\\/mammamia.lu\\\/index.php\\\/shop\\\/\"},{\"@type\":\"ListItem\",\"position\":3,\"name\":\"PIZZA MAMMA MIA\"}]},{\"@type\":\"WebSite\",\"@id\":\"https:\\\/\\\/mammamia.lu\\\/#website\",\"url\":\"https:\\\/\\\/mammamia.lu\\\/\",\"name\":\"Mamma Mia Restaurant Pizzeria\",\"description\":\"Sp\u00e9cialit\u00e9(s) : Fran\u00e7aise , Italienne , \u00e0 emporter\",\"publisher\":{\"@id\":\"https:\\\/\\\/mammamia.lu\\\/#organization\"},\"potentialAction\":[{\"@type\":\"SearchAction\",\"target\":{\"@type\":\"EntryPoint\",\"urlTemplate\":\"https:\\\/\\\/mammamia.lu\\\/?s={search_term_string}\"},\"query-input\":{\"@type\":\"PropertyValueSpecification\",\"valueRequired\":true,\"valueName\":\"search_term_string\"}}],\"inLanguage\":\"fr-FR\"},{\"@type\":\"Organization\",\"@id\":\"https:\\\/\\\/mammamia.lu\\\/#organization\",\"name\":\"Restaurant Mamma Mia\",\"url\":\"https:\\\/\\\/mammamia.lu\\\/\",\"logo\":{\"@type\":\"ImageObject\",\"inLanguage\":\"fr-FR\",\"@id\":\"https:\\\/\\\/mammamia.lu\\\/#\\\/schema\\\/logo\\\/image\\\/\",\"url\":\"https:\\\/\\\/mammamia.lu\\\/wp-content\\\/uploads\\\/2020\\\/11\\\/logo_trans.png\",\"contentUrl\":\"https:\\\/\\\/mammamia.lu\\\/wp-content\\\/uploads\\\/2020\\\/11\\\/logo_trans.png\",\"width\":905,\"height\":231,\"caption\":\"Restaurant Mamma Mia\"},\"image\":{\"@id\":\"https:\\\/\\\/mammamia.lu\\\/#\\\/schema\\\/logo\\\/image\\\/\"}}]}<\/script>\n<!-- \/ Yoast SEO plugin. -->","yoast_head_json":{"title":"PIZZA MAMMA MIA - Mamma Mia Ristorante Pizzeria","robots":{"index":"index","follow":"follow","max-snippet":"max-snippet:-1","max-image-preview":"max-image-preview:large","max-video-preview":"max-video-preview:-1"},"canonical":"https:\/\/mammamia.lu\/index.php\/product\/mamma-mia\/","og_locale":"fr_FR","og_type":"article","og_title":"PIZZA MAMMA MIA - Mamma Mia Ristorante Pizzeria","og_description":"Mozzarella, Tomate, Jambon Cuit, Sauce Bolognese, Salami Piquant, Poivrons et \u0152uf (1.3.7.9) (Exclusivit\u00e9 Mamma Mia)","og_url":"https:\/\/mammamia.lu\/index.php\/product\/mamma-mia\/","og_site_name":"Mamma Mia Ristorante Pizzeria","article_modified_time":"2026-03-13T19:49:56+00:00","og_image":[{"width":485,"height":289,"url":"https:\/\/mammamia.lu\/wp-content\/uploads\/2025\/09\/PIZZA-MAMMAMIA.jpg","type":"image\/jpeg"}],"twitter_card":"summary_large_image","twitter_misc":{"Dur\u00e9e de lecture estim\u00e9e":"1 minute"},"schema":{"@context":"https:\/\/schema.org","@graph":[{"@type":"WebPage","@id":"https:\/\/mammamia.lu\/index.php\/product\/mamma-mia\/","url":"https:\/\/mammamia.lu\/index.php\/product\/mamma-mia\/","name":"PIZZA MAMMA MIA - Mamma Mia Ristorante Pizzeria","isPartOf":{"@id":"https:\/\/mammamia.lu\/#website"},"primaryImageOfPage":{"@id":"https:\/\/mammamia.lu\/index.php\/product\/mamma-mia\/#primaryimage"},"image":{"@id":"https:\/\/mammamia.lu\/index.php\/product\/mamma-mia\/#primaryimage"},"thumbnailUrl":"https:\/\/mammamia.lu\/wp-content\/uploads\/2025\/09\/PIZZA-MAMMAMIA.jpg","datePublished":"2025-09-16T17:46:41+00:00","dateModified":"2026-03-13T19:49:56+00:00","breadcrumb":{"@id":"https:\/\/mammamia.lu\/index.php\/product\/mamma-mia\/#breadcrumb"},"inLanguage":"fr-FR","potentialAction":[{"@type":"ReadAction","target":["https:\/\/mammamia.lu\/index.php\/product\/mamma-mia\/"]}]},{"@type":"ImageObject","inLanguage":"fr-FR","@id":"https:\/\/mammamia.lu\/index.php\/product\/mamma-mia\/#primaryimage","url":"https:\/\/mammamia.lu\/wp-content\/uploads\/2025\/09\/PIZZA-MAMMAMIA.jpg","contentUrl":"https:\/\/mammamia.lu\/wp-content\/uploads\/2025\/09\/PIZZA-MAMMAMIA.jpg","width":485,"height":289},{"@type":"BreadcrumbList","@id":"https:\/\/mammamia.lu\/index.php\/product\/mamma-mia\/#breadcrumb","itemListElement":[{"@type":"ListItem","position":1,"name":"Home","item":"https:\/\/mammamia.lu\/"},{"@type":"ListItem","position":2,"name":"Shop","item":"https:\/\/mammamia.lu\/index.php\/shop\/"},{"@type":"ListItem","position":3,"name":"PIZZA MAMMA MIA"}]},{"@type":"WebSite","@id":"https:\/\/mammamia.lu\/#website","url":"https:\/\/mammamia.lu\/","name":"Mamma Mia Restaurant Pizzeria","description":"Sp\u00e9cialit\u00e9(s) : Fran\u00e7aise , Italienne , \u00e0 emporter","publisher":{"@id":"https:\/\/mammamia.lu\/#organization"},"potentialAction":[{"@type":"SearchAction","target":{"@type":"EntryPoint","urlTemplate":"https:\/\/mammamia.lu\/?s={search_term_string}"},"query-input":{"@type":"PropertyValueSpecification","valueRequired":true,"valueName":"search_term_string"}}],"inLanguage":"fr-FR"},{"@type":"Organization","@id":"https:\/\/mammamia.lu\/#organization","name":"Restaurant Mamma Mia","url":"https:\/\/mammamia.lu\/","logo":{"@type":"ImageObject","inLanguage":"fr-FR","@id":"https:\/\/mammamia.lu\/#\/schema\/logo\/image\/","url":"https:\/\/mammamia.lu\/wp-content\/uploads\/2020\/11\/logo_trans.png","contentUrl":"https:\/\/mammamia.lu\/wp-content\/uploads\/2020\/11\/logo_trans.png","width":905,"height":231,"caption":"Restaurant Mamma Mia"},"image":{"@id":"https:\/\/mammamia.lu\/#\/schema\/logo\/image\/"}}]}},"_links":{"self":[{"href":"https:\/\/mammamia.lu\/index.php\/wp-json\/wp\/v2\/product\/8939","targetHints":{"allow":["GET"]}}],"collection":[{"href":"https:\/\/mammamia.lu\/index.php\/wp-json\/wp\/v2\/product"}],"about":[{"href":"https:\/\/mammamia.lu\/index.php\/wp-json\/wp\/v2\/types\/product"}],"wp:featuredmedia":[{"embeddable":true,"href":"https:\/\/mammamia.lu\/index.php\/wp-json\/wp\/v2\/media\/8934"}],"wp:attachment":[{"href":"https:\/\/mammamia.lu\/index.php\/wp-json\/wp\/v2\/media?parent=8939"}],"wp:term":[{"taxonomy":"product_brand","embeddable":true,"href":"https:\/\/mammamia.lu\/index.php\/wp-json\/wp\/v2\/product_brand?post=8939"},{"taxonomy":"product_cat","embeddable":true,"href":"https:\/\/mammamia.lu\/index.php\/wp-json\/wp\/v2\/product_cat?post=8939"},{"taxonomy":"product_tag","embeddable":true,"href":"https:\/\/mammamia.lu\/index.php\/wp-json\/wp\/v2\/product_tag?post=8939"}],"curies":[{"name":"wp","href":"https:\/\/api.w.org\/{rel}","templated":true}]}}